{"id":622,"date":"2019-04-17T10:03:57","date_gmt":"2019-04-17T10:03:57","guid":{"rendered":"https:\/\/psichologekotryna.com\/?page_id=622"},"modified":"2023-03-13T12:13:39","modified_gmt":"2023-03-13T12:13:39","slug":"dazniausiai-uzduodami-klausimai","status":"publish","type":"page","link":"https:\/\/psichologekotryna.com\/?page_id=622","title":{"rendered":"DUK"},"content":{"rendered":"\t\t<div data-elementor-type=\"wp-post\" data-elementor-id=\"622\" class=\"elementor elementor-622\">\n\t\t\t\t\t\t<section class=\"elementor-section elementor-top-section elementor-element elementor-element-193c9d07 elementor-section-height-min-height elementor-section-items-stretch elementor-section-content-middle elementor-section-boxed elementor-section-height-default\" data-id=\"193c9d07\" data-element_type=\"section\" data-settings=\"{&quot;background_background&quot;:&quot;gradient&quot;,&quot;shape_divider_top&quot;:&quot;tilt&quot;}\">\n\t\t\t\t\t<div class=\"elementor-shape elementor-shape-top\" data-negative=\"false\">\n\t\t\t<svg xmlns=\"http:\/\/www.w3.org\/2000\/svg\" viewBox=\"0 0 1000 100\" preserveAspectRatio=\"none\">\n\t<path class=\"elementor-shape-fill\" d=\"M0,6V0h1000v100L0,6z\"\/>\n<\/svg>\t\t<\/div>\n\t\t\t\t\t<div class=\"elementor-container elementor-column-gap-default\">\n\t\t\t\t\t<div class=\"elementor-column elementor-col-100 elementor-top-column elementor-element elementor-element-6fb2b449\" data-id=\"6fb2b449\" data-element_type=\"column\">\n\t\t\t<div class=\"elementor-widget-wrap elementor-element-populated\">\n\t\t\t\t\t\t<div class=\"elementor-element elementor-element-46b92307 elementor-widget elementor-widget-heading\" data-id=\"46b92307\" data-element_type=\"widget\" data-widget_type=\"heading.default\">\n\t\t\t\t<div class=\"elementor-widget-container\">\n\t\t\t<style>\/*! elementor - v3.20.0 - 26-03-2024 *\/\n.elementor-heading-title{padding:0;margin:0;line-height:1}.elementor-widget-heading .elementor-heading-title[class*=elementor-size-]>a{color:inherit;font-size:inherit;line-height:inherit}.elementor-widget-heading .elementor-heading-title.elementor-size-small{font-size:15px}.elementor-widget-heading .elementor-heading-title.elementor-size-medium{font-size:19px}.elementor-widget-heading .elementor-heading-title.elementor-size-large{font-size:29px}.elementor-widget-heading .elementor-heading-title.elementor-size-xl{font-size:39px}.elementor-widget-heading .elementor-heading-title.elementor-size-xxl{font-size:59px}<\/style><h2 class=\"elementor-heading-title elementor-size-default\">Da\u017eniausiai u\u017eduodami klausimai<\/h2>\t\t<\/div>\n\t\t\t\t<\/div>\n\t\t\t\t<div class=\"elementor-element elementor-element-6f812ae7 elementor-widget-divider--view-line elementor-widget elementor-widget-divider\" data-id=\"6f812ae7\" data-element_type=\"widget\" data-widget_type=\"divider.default\">\n\t\t\t\t<div class=\"elementor-widget-container\">\n\t\t\t<style>\/*! elementor - v3.20.0 - 26-03-2024 *\/\n.elementor-widget-divider{--divider-border-style:none;--divider-border-width:1px;--divider-color:#0c0d0e;--divider-icon-size:20px;--divider-element-spacing:10px;--divider-pattern-height:24px;--divider-pattern-size:20px;--divider-pattern-url:none;--divider-pattern-repeat:repeat-x}.elementor-widget-divider .elementor-divider{display:flex}.elementor-widget-divider .elementor-divider__text{font-size:15px;line-height:1;max-width:95%}.elementor-widget-divider .elementor-divider__element{margin:0 var(--divider-element-spacing);flex-shrink:0}.elementor-widget-divider .elementor-icon{font-size:var(--divider-icon-size)}.elementor-widget-divider .elementor-divider-separator{display:flex;margin:0;direction:ltr}.elementor-widget-divider--view-line_icon .elementor-divider-separator,.elementor-widget-divider--view-line_text .elementor-divider-separator{align-items:center}.elementor-widget-divider--view-line_icon .elementor-divider-separator:after,.elementor-widget-divider--view-line_icon .elementor-divider-separator:before,.elementor-widget-divider--view-line_text .elementor-divider-separator:after,.elementor-widget-divider--view-line_text .elementor-divider-separator:before{display:block;content:\"\";border-block-end:0;flex-grow:1;border-block-start:var(--divider-border-width) var(--divider-border-style) var(--divider-color)}.elementor-widget-divider--element-align-left .elementor-divider .elementor-divider-separator>.elementor-divider__svg:first-of-type{flex-grow:0;flex-shrink:100}.elementor-widget-divider--element-align-left .elementor-divider-separator:before{content:none}.elementor-widget-divider--element-align-left .elementor-divider__element{margin-left:0}.elementor-widget-divider--element-align-right .elementor-divider .elementor-divider-separator>.elementor-divider__svg:last-of-type{flex-grow:0;flex-shrink:100}.elementor-widget-divider--element-align-right .elementor-divider-separator:after{content:none}.elementor-widget-divider--element-align-right .elementor-divider__element{margin-right:0}.elementor-widget-divider--element-align-start .elementor-divider .elementor-divider-separator>.elementor-divider__svg:first-of-type{flex-grow:0;flex-shrink:100}.elementor-widget-divider--element-align-start .elementor-divider-separator:before{content:none}.elementor-widget-divider--element-align-start .elementor-divider__element{margin-inline-start:0}.elementor-widget-divider--element-align-end .elementor-divider .elementor-divider-separator>.elementor-divider__svg:last-of-type{flex-grow:0;flex-shrink:100}.elementor-widget-divider--element-align-end .elementor-divider-separator:after{content:none}.elementor-widget-divider--element-align-end .elementor-divider__element{margin-inline-end:0}.elementor-widget-divider:not(.elementor-widget-divider--view-line_text):not(.elementor-widget-divider--view-line_icon) .elementor-divider-separator{border-block-start:var(--divider-border-width) var(--divider-border-style) var(--divider-color)}.elementor-widget-divider--separator-type-pattern{--divider-border-style:none}.elementor-widget-divider--separator-type-pattern.elementor-widget-divider--view-line .elementor-divider-separator,.elementor-widget-divider--separator-type-pattern:not(.elementor-widget-divider--view-line) .elementor-divider-separator:after,.elementor-widget-divider--separator-type-pattern:not(.elementor-widget-divider--view-line) .elementor-divider-separator:before,.elementor-widget-divider--separator-type-pattern:not([class*=elementor-widget-divider--view]) .elementor-divider-separator{width:100%;min-height:var(--divider-pattern-height);-webkit-mask-size:var(--divider-pattern-size) 100%;mask-size:var(--divider-pattern-size) 100%;-webkit-mask-repeat:var(--divider-pattern-repeat);mask-repeat:var(--divider-pattern-repeat);background-color:var(--divider-color);-webkit-mask-image:var(--divider-pattern-url);mask-image:var(--divider-pattern-url)}.elementor-widget-divider--no-spacing{--divider-pattern-size:auto}.elementor-widget-divider--bg-round{--divider-pattern-repeat:round}.rtl .elementor-widget-divider .elementor-divider__text{direction:rtl}.e-con-inner>.elementor-widget-divider,.e-con>.elementor-widget-divider{width:var(--container-widget-width,100%);--flex-grow:var(--container-widget-flex-grow)}<\/style>\t\t<div class=\"elementor-divider\">\n\t\t\t<span class=\"elementor-divider-separator\">\n\t\t\t\t\t\t<\/span>\n\t\t<\/div>\n\t\t\t\t<\/div>\n\t\t\t\t<\/div>\n\t\t\t\t<div class=\"elementor-element elementor-element-2a31add elementor-widget elementor-widget-accordion\" data-id=\"2a31add\" data-element_type=\"widget\" data-widget_type=\"accordion.default\">\n\t\t\t\t<div class=\"elementor-widget-container\">\n\t\t\t<style>\/*! elementor - v3.20.0 - 26-03-2024 *\/\n.elementor-accordion{text-align:left}.elementor-accordion .elementor-accordion-item{border:1px solid #d5d8dc}.elementor-accordion .elementor-accordion-item+.elementor-accordion-item{border-top:none}.elementor-accordion .elementor-tab-title{margin:0;padding:15px 20px;font-weight:700;line-height:1;cursor:pointer;outline:none}.elementor-accordion .elementor-tab-title .elementor-accordion-icon{display:inline-block;width:1.5em}.elementor-accordion .elementor-tab-title .elementor-accordion-icon svg{width:1em;height:1em}.elementor-accordion .elementor-tab-title .elementor-accordion-icon.elementor-accordion-icon-right{float:right;text-align:right}.elementor-accordion .elementor-tab-title .elementor-accordion-icon.elementor-accordion-icon-left{float:left;text-align:left}.elementor-accordion .elementor-tab-title .elementor-accordion-icon .elementor-accordion-icon-closed{display:block}.elementor-accordion .elementor-tab-title .elementor-accordion-icon .elementor-accordion-icon-opened,.elementor-accordion .elementor-tab-title.elementor-active .elementor-accordion-icon-closed{display:none}.elementor-accordion .elementor-tab-title.elementor-active .elementor-accordion-icon-opened{display:block}.elementor-accordion .elementor-tab-content{display:none;padding:15px 20px;border-top:1px solid #d5d8dc}@media (max-width:767px){.elementor-accordion .elementor-tab-title{padding:12px 15px}.elementor-accordion .elementor-tab-title .elementor-accordion-icon{width:1.2em}.elementor-accordion .elementor-tab-content{padding:7px 15px}}.e-con-inner>.elementor-widget-accordion,.e-con>.elementor-widget-accordion{width:var(--container-widget-width);--flex-grow:var(--container-widget-flex-grow)}<\/style>\t\t<div class=\"elementor-accordion\">\n\t\t\t\t\t\t\t<div class=\"elementor-accordion-item\">\n\t\t\t\t\t<h6 id=\"elementor-tab-title-4421\" class=\"elementor-tab-title\" data-tab=\"1\" role=\"button\" aria-controls=\"elementor-tab-content-4421\" aria-expanded=\"false\">\n\t\t\t\t\t\t\t\t\t\t\t\t\t<span class=\"elementor-accordion-icon elementor-accordion-icon-left\" aria-hidden=\"true\">\n\t\t\t\t\t\t\t\t\t\t\t\t\t\t\t<span class=\"elementor-accordion-icon-closed\"><i class=\"fas fa-plus\"><\/i><\/span>\n\t\t\t\t\t\t\t\t<span class=\"elementor-accordion-icon-opened\"><i class=\"fas fa-minus\"><\/i><\/span>\n\t\t\t\t\t\t\t\t\t\t\t\t\t\t<\/span>\n\t\t\t\t\t\t\t\t\t\t\t\t<a class=\"elementor-accordion-title\" tabindex=\"0\">Kas yra psichologinis konsultavimas ir kam jis reikalingas?<\/a>\n\t\t\t\t\t<\/h6>\n\t\t\t\t\t<div id=\"elementor-tab-content-4421\" class=\"elementor-tab-content elementor-clearfix\" data-tab=\"1\" role=\"region\" aria-labelledby=\"elementor-tab-title-4421\"><p style=\"line-height: 150%;\"><span lang=\"LT\">Da\u017enas sieja psichologin\u0119 pagalb\u0105 su psichikos sutrikimais. Ta\u010diau ne visi, kurie kreipiasi \u012f psicholog\u0105 yra ligoti. Psichologas gali pad\u0117ti spr\u0119sti bet kokius gyvenimi\u0161kus sunkumus, pavyzd\u017eiui jis gali pad\u0117ti geriau suprasti save, atrasti savo resursus, atrasti savo psichologini\u0173 sunkum\u0173 prie\u017eastis ir pad\u0117ti atrasti geriausius b\u016bdus su jais susitvarkyti.\u00a0<\/span><\/p><\/div>\n\t\t\t\t<\/div>\n\t\t\t\t\t\t\t<div class=\"elementor-accordion-item\">\n\t\t\t\t\t<h6 id=\"elementor-tab-title-4422\" class=\"elementor-tab-title\" data-tab=\"2\" role=\"button\" aria-controls=\"elementor-tab-content-4422\" aria-expanded=\"false\">\n\t\t\t\t\t\t\t\t\t\t\t\t\t<span class=\"elementor-accordion-icon elementor-accordion-icon-left\" aria-hidden=\"true\">\n\t\t\t\t\t\t\t\t\t\t\t\t\t\t\t<span class=\"elementor-accordion-icon-closed\"><i class=\"fas fa-plus\"><\/i><\/span>\n\t\t\t\t\t\t\t\t<span class=\"elementor-accordion-icon-opened\"><i class=\"fas fa-minus\"><\/i><\/span>\n\t\t\t\t\t\t\t\t\t\t\t\t\t\t<\/span>\n\t\t\t\t\t\t\t\t\t\t\t\t<a class=\"elementor-accordion-title\" tabindex=\"0\">Kada vert\u0117t\u0173 kreiptis \u012f psicholog\u0105?<\/a>\n\t\t\t\t\t<\/h6>\n\t\t\t\t\t<div id=\"elementor-tab-content-4422\" class=\"elementor-tab-content elementor-clearfix\" data-tab=\"2\" role=\"region\" aria-labelledby=\"elementor-tab-title-4422\"><p class=\"MsoNormal\" style=\"line-height: 150%; text-align: left;\"><span lang=\"LT\">Da\u017enai \u017emon\u0117s susir\u016bpina savo psichine sveikata tik tuomet, kai jau pasirei\u0161kia simptomai, kurie nebeleid\u017eia gyventi \u012fprasto gyvenimo arba pasirei\u0161kia stiprios fizin\u0117s reakcijos, tokios kaip panikos atakos, nemiga, somatiniai simptomai (nepaai\u0161kinami galvos skausmai, skrand\u017eio problemos ir pan.). Tokios pasekm\u0117s da\u017eniausiai kyla d\u0117l ilg\u0105 laik\u0105 ignoruot\u0173 poreiki\u0173 ir psichologini\u0173 sunkum\u0173. Kai \u0161ios problemos atsiranda, gydymas gali u\u017etrukti ilgai ir pareikalauti daug pastang\u0173. Ta\u010diau jei mes atsi\u017evelgtume \u012f save ir savo psichin\u0119 sveikat\u0105 dar iki to kai sutrinka visa sistema, gal\u0117tume u\u017ekirsti keli\u0105 rimtesni\u0173 problem\u0173 i\u0161sivystymui.&nbsp;<\/span><\/p><p class=\"MsoNormal\" style=\"line-height: 150%; text-align: left;\"><span lang=\"LT\">Kaip analogij\u0105 gal\u0117\u010diau pasitelkti karpos gydym\u0105. Jei kada tur\u0117jote karp\u0105 ant odos, turb\u016bt \u017einote k\u0105 turiu omenyje. Viskas prasideda nuo menko ta\u0161kelio ant odos, kuris \u0161iaip tai n\u0117ra itin pavojingas. Toki\u0105 ma\u017e\u0105, tik k\u0105 atsiradusi\u0105 karp\u0105 dermatologas gali i\u0161naikinti labai paprastai ir greitai. O kartais d\u0117ka m\u016bs\u0173 imunin\u0117s sistemos, karpa gali ir pati i\u0161nykti. Ta\u010diau jei m\u016bs\u0173 imunin\u0117 sistema negali pati susitvarkyti ir mes vengiame nueiti pas gydytoj\u0105, karpa pradeda augti, \u012fsisen\u0117ti ir skverbtis \u012f gilesnius odos sluoksnius. Tokiu atveju karpos gydymas u\u017etrunka daug ilgiau, prireikia keleto vizit\u0173 pas gydytoj\u0105, tenka kent\u0117ti skausmingas proced\u016bras.&nbsp;<\/span><\/p><p class=\"MsoNormal\" style=\"line-height: 150%; text-align: left;\"><span lang=\"LT\">Taigi, \u012ftempta savait\u0117, nesutarimai su vyru ar pavog\u0117 telefon\u0105, \u2013 yra sunkumai, su kuriais daugeliu atveju galite susitvarkyti. Ta\u010diau jei sunkumai vis kartojasi, J\u016bs\u0173 resursai i\u0161seko ar ilg\u0105 laik\u0105 nerandate laiko pasir\u016bpinti savimi, \u0161ie sunkumai gali \u012fsisen\u0117ti ir tapti chroni\u0161ki. Taigi, psichologas dirba tikslingai siekdamas suprasti (ir pad\u0117ti Jums suprasti) sunkum\u0173 \u0161aknis bei atrasti resurs\u0173, kurie pad\u0117t\u0173 susitvarkyti kasdieniniame gyvenime.&nbsp;<\/span><\/p><\/div>\n\t\t\t\t<\/div>\n\t\t\t\t\t\t\t<div class=\"elementor-accordion-item\">\n\t\t\t\t\t<h6 id=\"elementor-tab-title-4423\" class=\"elementor-tab-title\" data-tab=\"3\" role=\"button\" aria-controls=\"elementor-tab-content-4423\" aria-expanded=\"false\">\n\t\t\t\t\t\t\t\t\t\t\t\t\t<span class=\"elementor-accordion-icon elementor-accordion-icon-left\" aria-hidden=\"true\">\n\t\t\t\t\t\t\t\t\t\t\t\t\t\t\t<span class=\"elementor-accordion-icon-closed\"><i class=\"fas fa-plus\"><\/i><\/span>\n\t\t\t\t\t\t\t\t<span class=\"elementor-accordion-icon-opened\"><i class=\"fas fa-minus\"><\/i><\/span>\n\t\t\t\t\t\t\t\t\t\t\t\t\t\t<\/span>\n\t\t\t\t\t\t\t\t\t\t\t\t<a class=\"elementor-accordion-title\" tabindex=\"0\">Psichologas, psichoterapeutas, psichiatras - kuo \u0161ios s\u0105vokos skiriasi?<\/a>\n\t\t\t\t\t<\/h6>\n\t\t\t\t\t<div id=\"elementor-tab-content-4423\" class=\"elementor-tab-content elementor-clearfix\" data-tab=\"3\" role=\"region\" aria-labelledby=\"elementor-tab-title-4423\"><p><span lang=\"LT\">Psichologas, psichiatras, psichoterapeutas \u2013 s\u0105vokos, kurios d\u0117l bendros \u0161aknies da\u017enai painiojamos. Visai suprantama, kad galima sutrikti ir ne\u017einoti, kuris gi Jums reikalingas.&nbsp;<\/span><\/p>\n<p><span lang=\"LT\">Psichologas \u2013 asmuo baig\u0119s psichologijos bakalauro ir magistro studijas. Pagrindinis darbo metodas, kuriuo vadovaujasi psichologas yra psichologinis konsultavimas kuomet asmens sunkumai sprend\u017eiami pokalbio metu. Konsultavimo metu siekiama pad\u0117ti konkre\u010dioje gyvenimo situacijoje, susitvarkyti su dabartiniais gyvenimo sunkumais (stresas, tarpasmeniniai santykiai ir pan.). Konsultacijos yra trumpalaik\u0117s, trunka iki tol kol esama situacija asmens gyvenime i\u0161sprend\u017eiama (da\u017eniausiai iki 3 m\u0117nesi\u0173). Psichologo darbo aspektai apima ne tik psichologin\u012f<br>konsultavim\u0105, bet priklausomai nuo darbo srities gali apimti psichologin\u012f \u012fvertinim\u0105, ekspertini\u0173 i\u0161vad\u0173 ra\u0161ym\u0105, edukacinius u\u017esi\u0117mimus ir pana\u0161iai. <\/span><\/p>\n<p><span lang=\"LT\">Psichiatras \u2013 asmuo studijav\u0119s medicin\u0105 ir pasirink\u0119s psichiatrijos krypt\u012f. Psichiatras \u2013 kaip gydytojas, diagnozuoja lig\u0105 ir teikia gydym\u0105, kuris labai da\u017enai apsiriboja medikament\u0173 i\u0161ra\u0161ymu. Medikamentai padeda suvaldyti ligos simptomus ta\u010diau gilesniam gijimui reikalinga ir psichologo\/psichoterapeuto pagalba.<\/span><\/p>\n<p><\/p>\n<p><span lang=\"LT\">Psichoterapeutas \u2013 psichologas arba psichiatras papildomai po bakalauro ir magistro studij\u0173 baig\u0119s tam tikros krypties psichoterapijos studijas. Psichoterapija, lygiai taip pat kaip ir psichologinis konsultavimas, fokusuojasi \u012f pagalb\u0105 pokalbio metu, ta\u010diau ji skiriasi tuo, kad siekiama gilesni\u0173 asmenyb\u0117s poky\u010di\u0173 ir gilesnio gijimo. Psichoterapija trunka ilg\u0105 laik\u0105, priklausomai nuo krypties gali trukti apie 2 metus ir kartais ilgiau.&nbsp;<\/span><\/p><\/div>\n\t\t\t\t<\/div>\n\t\t\t\t\t\t\t\t<\/div>\n\t\t\t\t<\/div>\n\t\t\t\t<\/div>\n\t\t\t\t\t<\/div>\n\t\t<\/div>\n\t\t\t\t\t<\/div>\n\t\t<\/section>\n\t\t\t\t<\/div>\n\t\t","protected":false},"excerpt":{"rendered":"<p>Da\u017eniausiai u\u017eduodami klausimai Kas yra psichologinis konsultavimas ir kam jis reikalingas? Da\u017enas sieja psichologin\u0119 pagalb\u0105 su psichikos sutrikimais. Ta\u010diau ne visi, kurie kreipiasi \u012f psicholog\u0105 yra ligoti. Psichologas gali pad\u0117ti spr\u0119sti bet kokius gyvenimi\u0161kus sunkumus, pavyzd\u017eiui jis gali pad\u0117ti geriau suprasti save, atrasti savo resursus, atrasti savo psichologini\u0173 sunkum\u0173 prie\u017eastis ir pad\u0117ti atrasti geriausius b\u016bdus [&hellip;]<\/p>\n","protected":false},"author":1,"featured_media":0,"parent":0,"menu_order":0,"comment_status":"closed","ping_status":"closed","template":"","meta":{"site-sidebar-layout":"no-sidebar","site-content-layout":"page-builder","ast-site-content-layout":"","site-content-style":"default","site-sidebar-style":"default","ast-global-header-display":"","ast-banner-title-visibility":"","ast-main-header-display":"","ast-hfb-above-header-display":"","ast-hfb-below-header-display":"","ast-hfb-mobile-header-display":"","site-post-title":"disabled","ast-breadcrumbs-content":"","ast-featured-img":"disabled","footer-sml-layout":"","theme-transparent-header-meta":"default","adv-header-id-meta":"","stick-header-meta":"","header-above-stick-meta":"","header-main-stick-meta":"","header-below-stick-meta":"","astra-migrate-meta-layouts":"default","ast-page-background-enabled":"default","ast-page-background-meta":{"desktop":{"background-color":"","background-image":"","background-repeat":"repeat","background-position":"center center","background-size":"auto","background-attachment":"scroll","background-type":"","background-media":"","overlay-type":"","overlay-color":"","overlay-gradient":""},"tablet":{"background-color":"","background-image":"","background-repeat":"repeat","background-position":"center center","background-size":"auto","background-attachment":"scroll","background-type":"","background-media":"","overlay-type":"","overlay-color":"","overlay-gradient":""},"mobile":{"background-color":"","background-image":"","background-repeat":"repeat","background-position":"center center","background-size":"auto","background-attachment":"scroll","background-type":"","background-media":"","overlay-type":"","overlay-color":"","overlay-gradient":""}},"ast-content-background-meta":{"desktop":{"background-color":"var(--ast-global-color-5)","background-image":"","background-repeat":"repeat","background-position":"center center","background-size":"auto","background-attachment":"scroll","background-type":"","background-media":"","overlay-type":"","overlay-color":"","overlay-gradient":""},"tablet":{"background-color":"var(--ast-global-color-5)","background-image":"","background-repeat":"repeat","background-position":"center center","background-size":"auto","background-attachment":"scroll","background-type":"","background-media":"","overlay-type":"","overlay-color":"","overlay-gradient":""},"mobile":{"background-color":"var(--ast-global-color-5)","background-image":"","background-repeat":"repeat","background-position":"center center","background-size":"auto","background-attachment":"scroll","background-type":"","background-media":"","overlay-type":"","overlay-color":"","overlay-gradient":""}},"footnotes":""},"class_list":["post-622","page","type-page","status-publish","hentry"],"_links":{"self":[{"href":"https:\/\/psichologekotryna.com\/index.php?rest_route=\/wp\/v2\/pages\/622","targetHints":{"allow":["GET"]}}],"collection":[{"href":"https:\/\/psichologekotryna.com\/index.php?rest_route=\/wp\/v2\/pages"}],"about":[{"href":"https:\/\/psichologekotryna.com\/index.php?rest_route=\/wp\/v2\/types\/page"}],"author":[{"embeddable":true,"href":"https:\/\/psichologekotryna.com\/index.php?rest_route=\/wp\/v2\/users\/1"}],"replies":[{"embeddable":true,"href":"https:\/\/psichologekotryna.com\/index.php?rest_route=%2Fwp%2Fv2%2Fcomments&post=622"}],"version-history":[{"count":35,"href":"https:\/\/psichologekotryna.com\/index.php?rest_route=\/wp\/v2\/pages\/622\/revisions"}],"predecessor-version":[{"id":1247,"href":"https:\/\/psichologekotryna.com\/index.php?rest_route=\/wp\/v2\/pages\/622\/revisions\/1247"}],"wp:attachment":[{"href":"https:\/\/psichologekotryna.com\/index.php?rest_route=%2Fwp%2Fv2%2Fmedia&parent=622"}],"curies":[{"name":"wp","href":"https:\/\/api.w.org\/{rel}","templated":true}]}}